{"id":363179,"date":"2022-08-29T10:55:23","date_gmt":"2022-08-29T08:55:23","guid":{"rendered":"https:\/\/frelih.si\/razvoj-podezelja\/"},"modified":"2024-12-09T19:41:06","modified_gmt":"2024-12-09T18:41:06","slug":"razvoj-podezelja","status":"publish","type":"page","link":"https:\/\/frelih.si\/en\/razvoj-podezelja\/","title":{"rendered":"Razvoj pode\u017eelja"},"content":{"rendered":"<p>[et_pb_section fb_built=&#8221;1&#8243; custom_padding_last_edited=&#8221;on|phone&#8221; next_background_color=&#8221;#ffffff&#8221; _builder_version=&#8221;4.18.0&#8243; _module_preset=&#8221;default&#8221; use_background_color_gradient=&#8221;on&#8221; background_color_gradient_direction=&#8221;90deg&#8221; background_color_gradient_stops=&#8221;rgba(0,0,0,0.6) 0%|rgba(41,196,169,0) 100%&#8221; background_image=&#8221;https:\/\/frelih.si\/wp-content\/uploads\/2022\/08\/title4.jpg&#8221; background_blend=&#8221;multiply&#8221; custom_padding=&#8221;88px||144px||false|false&#8221; custom_padding_tablet=&#8221;&#8221; custom_padding_phone=&#8221;44px||44px||false|false&#8221; bottom_divider_style=&#8221;asymmetric4&#8243; bottom_divider_flip=&#8221;horizontal&#8221; bottom_divider_height_tablet=&#8221;&#8221; bottom_divider_height_phone=&#8221;0px&#8221; bottom_divider_height_last_edited=&#8221;on|phone&#8221; animation_style=&#8221;zoom&#8221; animation_intensity_zoom=&#8221;6%&#8221; global_colors_info=&#8221;{}&#8221;][et_pb_row _builder_version=&#8221;4.18.0&#8243; _module_preset=&#8221;default&#8221; global_colors_info=&#8221;{}&#8221;][et_pb_column type=&#8221;4_4&#8243; _builder_version=&#8221;4.18.0&#8243; _module_preset=&#8221;default&#8221; global_colors_info=&#8221;{}&#8221;][et_pb_post_title meta=&#8221;off&#8221; featured_image=&#8221;off&#8221; _builder_version=&#8221;4.18.0&#8243; _module_preset=&#8221;default&#8221; title_font=&#8221;|700|||||||&#8221; title_text_color=&#8221;#FFFFFF&#8221; title_font_size=&#8221;35px&#8221; background_enable_image=&#8221;off&#8221; global_colors_info=&#8221;{}&#8221;][\/et_pb_post_title][\/et_pb_column][\/et_pb_row][\/et_pb_section][et_pb_section fb_built=&#8221;1&#8243; admin_label=&#8221;section&#8221; _builder_version=&#8221;4.16&#8243; global_colors_info=&#8221;{}&#8221;][et_pb_row admin_label=&#8221;row&#8221; _builder_version=&#8221;4.16&#8243; background_size=&#8221;initial&#8221; background_position=&#8221;top_left&#8221; background_repeat=&#8221;repeat&#8221; global_colors_info=&#8221;{}&#8221;][et_pb_column type=&#8221;4_4&#8243; _builder_version=&#8221;4.16&#8243; custom_padding=&#8221;|||&#8221; global_colors_info=&#8221;{}&#8221; custom_padding__hover=&#8221;|||&#8221;][et_pb_image src=&#8221;https:\/\/frelih.si\/wp-content\/uploads\/2022\/08\/EU_razpisi.jpg&#8221; title_text=&#8221;EU_razpisi&#8221; _builder_version=&#8221;4.22.1&#8243; _module_preset=&#8221;default&#8221; custom_margin=&#8221;|||-19px|false|false&#8221; global_colors_info=&#8221;{}&#8221;][\/et_pb_image][et_pb_text _builder_version=&#8221;4.22.1&#8243; _module_preset=&#8221;default&#8221; link_font=&#8221;||||on||||&#8221; global_colors_info=&#8221;{}&#8221;]<\/p>\n<h2>JAVNI RAPIS<\/h2>\n<p>10. JAVNI RAZPIS ZA PODUKREP 4.2 Podpora za nalo\u017ebe v predelavo, tr\u017eenje oziroma razvoj kmetijskih proizvodov za leto 2022<\/p>\n<p>[\/et_pb_text][et_pb_divider color=&#8221;rgba(102,102,102,0.34)&#8221; _builder_version=&#8221;4.18.0&#8243; _module_preset=&#8221;default&#8221; custom_margin=&#8221;40px||||false|false&#8221; global_colors_info=&#8221;{}&#8221;][\/et_pb_divider][et_pb_text _builder_version=&#8221;4.22.1&#8243; _module_preset=&#8221;default&#8221; global_colors_info=&#8221;{}&#8221;]<\/p>\n<p><strong>Naziv aktivnosti:<\/strong> \u00bbNalo\u017eba v opremo za predelavo v vinski kleti Frelih\u00ab<br \/><strong>Opis aktivnosti:<\/strong> V okviru nalo\u017ebe \u00bbNALO\u017dBA V OPREMO ZA PREDELAVO V VINSKI KLETI FRELIH\u00ab, ki jo bo izvedlo podjetje VINSKA KLET FRELIH D.O.O., bo potekala pridobitev tehnolo\u0161ko bolj izpopolnjene opreme, ki bo omogo\u010dala proizvodnjo kvalitetnej\u0161ih proizvodov. V okviru nalo\u017ebe bo nabavljena oprema za predelavo sadja v sok, oprema za predelavo grozdja, oprema za skladi\u0161\u010denje vina ter laboratorijska oprema. Poleg navedenega bo nabavljena tudi oprema za pridobivanje energije iz obnovljivih virov. Predmet nalo\u017ebe je tudi postavitev novega enostavnega objekta za namen predelave, ki bo prete\u017eno iz lesenih konstrukcijskih elementov.<br \/><strong>Cilji in pri\u010dakovani rezultati:<\/strong> Cilj nalo\u017ebe je doseganje bolj\u0161e proizvodne storilnosti v podjetju in posledi\u010dno zmanj\u0161anje proizvodnih stro\u0161kov. S pomo\u010djo nalo\u017ebe se bodo izbolj\u0161ali ekonomski kazalniki, z novim proizvodom pa si bo podjetje zagotovilo tudi vi\u0161jo konkuren\u010dnost na trgu.<br \/>Rezultati nalo\u017ebe so oprema za predelavo sadja v sok, oprema za predelavo grozdja, oprema za skladi\u0161\u010denje vina, laboratorijska oprema, oprema za pridobivanje energije iz obnovljivih virov ter objekt za namen predelave.<br \/><strong>Povezave:<br \/><\/strong><span><a href=\"https:\/\/ec.europa.eu\/info\/food-farming-fisheries\/key-policies\/common-agricultural-policy\/rural-development_sl\">https:\/\/ec.europa.eu\/info\/food-farming-fisheries\/key-policies\/common-agricultural-policy\/rural-development_sl<\/a> <br \/><\/span><span><a href=\"http:\/\/www.skp.si\/\">http:\/\/www.skp.si\/<\/a><\/span><\/p>\n<p><strong>\u00a0<\/strong><\/p>\n<p>[\/et_pb_text][et_pb_divider color=&#8221;rgba(102,102,102,0.34)&#8221; _builder_version=&#8221;4.18.0&#8243; _module_preset=&#8221;default&#8221; custom_margin=&#8221;40px||||false|false&#8221; global_colors_info=&#8221;{}&#8221;][\/et_pb_divider][\/et_pb_column][\/et_pb_row][et_pb_row admin_label=&#8221;row&#8221; _builder_version=&#8221;4.16&#8243; background_size=&#8221;initial&#8221; background_position=&#8221;top_left&#8221; background_repeat=&#8221;repeat&#8221; global_colors_info=&#8221;{}&#8221;][et_pb_column type=&#8221;4_4&#8243; _builder_version=&#8221;4.16&#8243; custom_padding=&#8221;|||&#8221; global_colors_info=&#8221;{}&#8221; custom_padding__hover=&#8221;|||&#8221;][et_pb_text _builder_version=&#8221;4.18.0&#8243; _module_preset=&#8221;default&#8221; link_font=&#8221;||||on||||&#8221; global_colors_info=&#8221;{}&#8221;]<\/p>\n<h2>PROGRAM RAZVOJA PODE\u017dELJA<\/h2>\n<p><strong>Pilotni projekt: <a href=\"https:\/\/frelih.si\/wp-content\/uploads\/2022\/08\/Tehnoloska-Cvicek-PTP.pdf\">Tehnolo\u0161ka posodobitev pridelave grozdja in vina za cvi\u010dek PTP<\/a><\/strong><br \/><strong>Vodilni partner:<\/strong> KGZS \u2013 Zavod NM<br \/><strong>Nosilec na KIS:<\/strong> dr. Klemen Lisjak<br \/><strong>Trajanje:<\/strong> 5. 11. 2019\u20134. 11. 2021<\/p>\n<p>[\/et_pb_text][et_pb_divider color=&#8221;rgba(102,102,102,0.34)&#8221; _builder_version=&#8221;4.18.0&#8243; _module_preset=&#8221;default&#8221; custom_margin=&#8221;40px||||false|false&#8221; global_colors_info=&#8221;{}&#8221;][\/et_pb_divider][et_pb_text _builder_version=&#8221;4.18.0&#8243; _module_preset=&#8221;default&#8221; global_colors_info=&#8221;{}&#8221;]<\/p>\n<p><strong>Naziv aktivnosti:<\/strong> Kmetijsko-okoljska-podnebna pla\u010dila (ukrep 10)<br \/><strong>Cilji:<\/strong> Zmanj\u0161ati vplive kmetovanja na okolje. Operacija \u00bbVinogradni\u0161tvo\u00ab pomeni spremembo obstoje\u010dih kmetijskih praks. Namenjena je ohranjanju in izbolj\u0161anju lastnosti in rodovitnosti tal z nadzorovano uporabo gnojil in fitofarmacevtskih sredstev, prispeva pa tudi k zmanj\u0161evanju erozije in izpiranja hranil.<br \/><strong>Pri\u010dakovani rezultati:<\/strong> Ohranjanje biotske raznovrstnosti in krajine, ustrezno gospodarjenje z vodami in upravljanje s tlemi ter bla\u017eenje in prilagajanje kmetovanja podnebnim spremembam.<\/p>\n<p><strong>Naziv aktivnosti:<\/strong> Pla\u010dila obmo\u010djem z naravnimi ali drugimi posebnimi omejitvami (ukrep 13)<br \/><strong>Cilji:<\/strong> Ohraniti obdelanost kmetijskih zemlji\u0161\u010d, ohraniti poseljenosti pode\u017eelskih obmo\u010dij in zagotavljati javne koristi na obmo\u010djih z naravnimi ali drugimi posebnimi omejitvami (OMD).<br \/><strong>Pri\u010dakovani rezultati:<\/strong> Pla\u010dila OMD bodo prispevala k ohranjanju in spodbujanju sonaravnih sistemov kmetovanja, ohranjanju kulturne krajine pode\u017eelskih obmo\u010dij ter trajnostni rabi kmetijskih zemlji\u0161<\/p>\n<p><strong>Naziv aktivnosti:<\/strong> Monta\u017ea bo\u010dnih protito\u010dnih mre\u017e v vinogradu.<br \/><strong>Javni razpis:<\/strong> 19.javni razpis za podukrep 4.1- Podpora za nalo\u017ebe v kmetijska gospodarstva za leto 2021. <br \/><strong>Cilj in pri\u010dakovani rezultati:<\/strong> Podjetje Vinska klet Frelih d.o.o. je pridobilo sofinanciranje za nabavo in monta\u017eo bo\u010dnih protito\u010dnih mre\u017e v vinogradu. Znesek odobrenega sofinanciranja je 33.494,71 EUR. Z izvedeno nalo\u017ebo se bo bistveno zmanj\u0161al vpliv podnebnih sprememb (neurja s to\u010do) na pridelek grozdja. To pomeni pove\u010danje koli\u010dine lastnega pridelke grozdja in s tem bolj\u0161o produktivnost lastnega vinograda. Obenem se bodo zmanj\u0161ali stro\u0161ki za odkup grozdja drugih pridelovalcev.<br \/>Projekt je sofinanciran s strani Republike Slovenije in Evropske unije iz kmetijskega sklada za razvoj pode\u017eelja v okviru Programa razvoja pode\u017eelja 2014-2020.<\/p>\n<p>[\/et_pb_text][et_pb_divider color=&#8221;rgba(102,102,102,0.34)&#8221; _builder_version=&#8221;4.18.0&#8243; _module_preset=&#8221;default&#8221; custom_margin=&#8221;40px||||false|false&#8221; global_colors_info=&#8221;{}&#8221;][\/et_pb_divider][et_pb_text _builder_version=&#8221;4.18.0&#8243; _module_preset=&#8221;default&#8221; link_font=&#8221;|700|||on||||&#8221; link_text_color=&#8221;#84754D&#8221; global_colors_info=&#8221;{}&#8221;]<\/p>\n<h3>NAZIV AKTIVNOSTI:<\/h3>\n<p>Razpis, na katerega se prijavljamo objavlja Ministrstvo za kmetijstvo, gozdarstvo in prehrano in nosi naslov: 3. JAVNI RAZPIS ZA PODUKREP 4.2 Podpora za nalo\u017ebe v predelavo, tr\u017eenje oziroma razvoj kmetijskih proizvodov za leto 2017 za kmetije, samostojne podjetnike posameznike ter mikro, mala in srednja podjetja.<\/p>\n<h3>POVZETEK:<\/h3>\n<p>Investicija predstavlja nabavo nove tehnolo\u0161ke opreme za predelavo. Celotna vlaganja prispevajo k dvigu kvalitete predelave in kon\u010dnega izdelka. Investicija je sestavljena iz naslednjih sklopov:<br \/>-nakup tehnolo\u0161ke opreme za predelavo grozdja v vino,<br \/>-nakup tehnolo\u0161ke opreme za polnitev vina in opremljanje steklenic,<br \/>-nakup tehnolo\u0161ke opreme za pridelavo penin,<br \/>-nakup tehnolo\u0161ke opreme za proizvodnjo novega produkta;<\/p>\n<h3>CILJI:<\/h3>\n<p>Z na\u010drtovano investicijo v nakup nove tehnolo\u0161ke opreme za pridelavo penin in vina bo podjetje Vinska klet Frelih d.o.o. zagotovilo in pove\u010dalo dinami\u010dno rast podjetja, pove\u010dalo produktivnost, dvignilo konkuren\u010dnost ter tako utrdilo polo\u017eaj podjetja na trgu.<\/p>\n<p>Na\u010drtovana investicija bo pomenila izbolj\u0161anje tehnolo\u0161ke opremljenosti in delovnih pogojev poslovanja z vidika pove\u010danja prihodka, dobi\u010dka in dodane vrednosti. Podjetje bo uvedlo nov produkt proizvodnje vinjaka, ki ga do sedaj \u0161e ni proizvajalo.<\/p>\n<p>Temeljni cilji investicije so:<\/p>\n<ul>\n<li>zagotovitev dinami\u010dne rasti in dviga konkuren\u010dnosti;<\/li>\n<li>investicija bo vplivala na bolj\u0161o kakovost vin, s \u010dimer se bo pove\u010dala tudi prodaja<br \/>(pridobitev novih kupcev) in pove\u010dal tr\u017eni dele\u017e;<\/li>\n<li>uvedba proizvodov z ve\u010djo dodano vrednostjo, Prispevek investicije h horizontalnim ciljem \u2013 uvedba inovacije<\/li>\n<li>pove\u010danje direktne prodaje na doma\u010dem in tujem trgu;<\/li>\n<li>mo\u017enost pridobitve novih kupcev;<\/li>\n<li>izbolj\u0161anje tehnolo\u0161ke opremljenosti postopka;<\/li>\n<li>ekolo\u0161ki vidik. Predvidena investicija bistveno izbolj\u0161uje vpliv na okolje;<\/li>\n<li>izbolj\u0161ani delovni pogoji poslovanja, ve\u010dja varnost.<\/li>\n<\/ul>\n<h3>PRI\u010cAKOVANI REZULTATI:<\/h3>\n<ul>\n<li>pove\u010danje proizvodnih kapacitet (spravilo vi\u0161ka pridelka);<\/li>\n<li>pove\u010danje prihodka;<\/li>\n<li>zmanj\u0161anje stro\u0161kov (prihranek pri energiji, ve\u010dja produktivnost);<\/li>\n<li>pove\u010danje bruto dodane vrednosti;<\/li>\n<\/ul>\n<p>&nbsp;<\/p>\n<h3>POVEZAVA:<\/h3>\n<p><span>Spletna stran Evropske komisije, namenjene EKSRP: <\/span><a href=\"https:\/\/ec.europa.eu\/info\/food-farming-fisheries\/key-policies\/common-agricultural-policy\/rural-development_sl\">https:\/\/ec.europa.eu\/agriculture\/rural-development-2014-2020_sl<\/a><br \/><span>Spletna stran Program razvoja pode\u017eelja:\u00a0<\/span><a href=\"https:\/\/www.program-podezelja.si\/sl\/\">https:\/\/www.program-podezelja.si\/sl\/\u00a0<\/a><\/p>\n<p>[\/et_pb_text][\/et_pb_column][\/et_pb_row][\/et_pb_section]<\/p>\n","protected":false},"excerpt":{"rendered":"<p>JAVNI RAPIS 10. JAVNI RAZPIS ZA PODUKREP 4.2 Podpora za nalo\u017ebe v predelavo, tr\u017eenje oziroma razvoj kmetijskih proizvodov za leto 2022Naziv aktivnosti: \u00bbNalo\u017eba v opremo za predelavo v vinski kleti Frelih\u00abOpis aktivnosti: V okviru nalo\u017ebe \u00bbNALO\u017dBA V OPREMO ZA PREDELAVO V VINSKI KLETI FRELIH\u00ab, ki jo bo izvedlo podjetje VINSKA KLET FRELIH D.O.O., bo potekala [&hellip;]<\/p>\n","protected":false},"author":1,"featured_media":0,"parent":0,"menu_order":0,"comment_status":"closed","ping_status":"closed","template":"","meta":{"_acf_changed":false,"_et_pb_use_builder":"on","_et_pb_old_content":"","_et_gb_content_width":"","_monsterinsights_skip_tracking":false,"_monsterinsights_sitenote_active":false,"_monsterinsights_sitenote_note":"","_monsterinsights_sitenote_category":0,"footnotes":""},"class_list":["post-363179","page","type-page","status-publish","hentry"],"acf":[],"aioseo_notices":[],"_links":{"self":[{"href":"https:\/\/frelih.si\/en\/wp-json\/wp\/v2\/pages\/363179","targetHints":{"allow":["GET"]}}],"collection":[{"href":"https:\/\/frelih.si\/en\/wp-json\/wp\/v2\/pages"}],"about":[{"href":"https:\/\/frelih.si\/en\/wp-json\/wp\/v2\/types\/page"}],"author":[{"embeddable":true,"href":"https:\/\/frelih.si\/en\/wp-json\/wp\/v2\/users\/1"}],"replies":[{"embeddable":true,"href":"https:\/\/frelih.si\/en\/wp-json\/wp\/v2\/comments?post=363179"}],"version-history":[{"count":2,"href":"https:\/\/frelih.si\/en\/wp-json\/wp\/v2\/pages\/363179\/revisions"}],"predecessor-version":[{"id":363181,"href":"https:\/\/frelih.si\/en\/wp-json\/wp\/v2\/pages\/363179\/revisions\/363181"}],"wp:attachment":[{"href":"https:\/\/frelih.si\/en\/wp-json\/wp\/v2\/media?parent=363179"}],"curies":[{"name":"wp","href":"https:\/\/api.w.org\/{rel}","templated":true}]}}